{"id":423,"date":"2025-10-20T10:09:44","date_gmt":"2025-10-20T08:09:44","guid":{"rendered":"https:\/\/hc-historie.dk\/?page_id=423"},"modified":"2025-10-20T10:09:44","modified_gmt":"2025-10-20T08:09:44","slug":"min-soester-bente","status":"publish","type":"page","link":"https:\/\/hc-historie.dk\/index.php\/min-soester-bente\/","title":{"rendered":"Min s\u00f8ster Bente"},"content":{"rendered":"<p>Der var ikke den ting min s\u00f8ster ikke var god til Dans Acrobatic Balet Gymnastik og som voksen p\u00e5 eliteholdet var hun faneb\u00e6rer og vandt individuelt Eliteholdets mesterskab 3 \u00e5r i tr\u00e6k og fik overdraget pokalen til pernament ejerskab.<\/p>\n<p><a href=\"http:\/\/hc-historie.dk\/wp-content\/uploads\/2025\/10\/memoryVideo-F6826FAB-A7DE-4D80-9D3F-EF52348704B8.mov\">memoryVideo-F6826FAB-A7DE-4D80-9D3F-EF52348704B8<\/a><\/p>\n","protected":false},"excerpt":{"rendered":"<p>Der var ikke den ting min s\u00f8ster ikke var god til Dans Acrobatic Balet Gymnastik og som voksen p\u00e5 eliteholdet var hun faneb\u00e6rer og vandt individuelt Eliteholdets mesterskab 3 \u00e5r i tr\u00e6k og fik overdraget pokalen til pernament ejerskab. memoryVideo-F6826FAB-A7DE-4D80-9D3F-EF52348704B8<\/p>\n","protected":false},"author":1,"featured_media":0,"parent":0,"menu_order":0,"comment_status":"closed","ping_status":"closed","template":"","meta":{"pgc_sgb_lightbox_settings":"","footnotes":""},"class_list":["post-423","page","type-page","status-publish","hentry"],"_links":{"self":[{"href":"https:\/\/hc-historie.dk\/index.php\/wp-json\/wp\/v2\/pages\/423","targetHints":{"allow":["GET"]}}],"collection":[{"href":"https:\/\/hc-historie.dk\/index.php\/wp-json\/wp\/v2\/pages"}],"about":[{"href":"https:\/\/hc-historie.dk\/index.php\/wp-json\/wp\/v2\/types\/page"}],"author":[{"embeddable":true,"href":"https:\/\/hc-historie.dk\/index.php\/wp-json\/wp\/v2\/users\/1"}],"replies":[{"embeddable":true,"href":"https:\/\/hc-historie.dk\/index.php\/wp-json\/wp\/v2\/comments?post=423"}],"version-history":[{"count":1,"href":"https:\/\/hc-historie.dk\/index.php\/wp-json\/wp\/v2\/pages\/423\/revisions"}],"predecessor-version":[{"id":425,"href":"https:\/\/hc-historie.dk\/index.php\/wp-json\/wp\/v2\/pages\/423\/revisions\/425"}],"wp:attachment":[{"href":"https:\/\/hc-historie.dk\/index.php\/wp-json\/wp\/v2\/media?parent=423"}],"curies":[{"name":"wp","href":"https:\/\/api.w.org\/{rel}","templated":true}]}}